{"id":30558,"date":"2024-11-06T15:09:49","date_gmt":"2024-11-06T14:09:49","guid":{"rendered":"https:\/\/puurexloo.nl\/product\/zitronengras-aufguss\/"},"modified":"2024-11-06T15:09:49","modified_gmt":"2024-11-06T14:09:49","slug":"zitronengras-aufguss","status":"publish","type":"product","link":"https:\/\/puurexloo.nl\/de\/product\/zitronengras-aufguss\/","title":{"rendered":"Zitronengras-Aufguss"},"content":{"rendered":"<h6><strong>Lieferzeiten<\/strong><\/h6>\n<ul>\n<li>\nM<strong>ontag bis Freitag<\/strong>: Bei Bestellung vor 16:00 Uhr erfolgt die Lieferung am selben Tag bis 18:00 Uhr;<\/li>\n<li><strong>Samstag<\/strong>: An Samstagen werden <strong>keine <\/strong>Lieferungen vorgenommen.<\/li>\n<li><strong>Sonntag<\/strong>: An Sonntagen werden <strong>keine <\/strong>Lieferungen vorgenommen.<\/li>\n<\/ul>\n<p>Pakete nur f\u00fcr Samstag und Sonntag verf\u00fcgbar.<\/p>\n<hr>\n<h2>Duftstoff Zitronengras Saunawaschmittel<\/h2>\n<p>Zitronengras-Saunaaufgusskonzentrat mit nat\u00fcrlichem Zitronengras\u00f6l sorgt f\u00fcr einen orientalischen, w\u00fcrzigen und reinigenden Duft in der Sauna.<\/p>\n<h3>Operation<\/h3>\n<p>Der Duft tr\u00e4gt zu einer optimistischen Atmosph\u00e4re bei, gibt Energie und neue Einsichten. Die Wirkung des Zitronengrasaufgusses ist haupts\u00e4chlich entspannend und ausgleichend auf die Emotionen. Dieser Duft hat eine beruhigende Wirkung auf das Nervensystem. Dieser Saunareiniger mit nat\u00fcrlichem \u00e4therischen \u00d6l von Zitronengras wehrt Fliegen, M\u00fccken und Zecken ab. Lemongrass Purifying Sauna Aroma neutralisiert den Geruch in der Sauna.<\/p>\n<h2>Verwenden Sie<\/h2>\n<p>Der Zitronengras-Aufguss kann in die Sauna gegossen werden und verleiht ihr einen orientalischen, w\u00fcrzigen und reinigenden Duft. Verwenden Sie 4 ml pro Liter Wasser oder Eis im Saunak\u00fcbel. Wenn der Duft zu schwach ausf\u00e4llt, verwenden Sie etwas mehr. Wenn der Duft zu stark ausf\u00e4llt, verwenden Sie etwas weniger.<\/p>\n<h2>Zitronengras-Aufguss ist gut zum Mischen geeignet:<\/h2>\n<p>Zitrus, Lavendel, Minze, Pfefferminz und Menthol.<\/p>\n<p>&nbsp;<\/p>\n","protected":false},"excerpt":{"rendered":"<div class=\"woocommerce-product-details__short-description\">\n<p>Lemongrass Purifying Sauna Aroma 25 ml hat einen orientalischen, w\u00fcrzigen, entspannenden Duft und wird aus nat\u00fcrlichem Lemongras\u00f6l hergestellt.<\/p>\n<\/div>\n<p>&nbsp;<\/p>\n","protected":false},"featured_media":30186,"template":"","meta":[],"product_brand":[],"product_cat":[441],"product_tag":[],"class_list":{"0":"post-30558","1":"product","2":"type-product","3":"status-publish","4":"has-post-thumbnail","6":"product_cat-saunaenwellness","8":"first","9":"instock","10":"virtual","11":"taxable","12":"purchasable","13":"product-type-simple"},"wcpa_form_fields":null,"_links":{"self":[{"href":"https:\/\/puurexloo.nl\/de\/wp-json\/wp\/v2\/product\/30558","targetHints":{"allow":["GET"]}}],"collection":[{"href":"https:\/\/puurexloo.nl\/de\/wp-json\/wp\/v2\/product"}],"about":[{"href":"https:\/\/puurexloo.nl\/de\/wp-json\/wp\/v2\/types\/product"}],"wp:featuredmedia":[{"embeddable":true,"href":"https:\/\/puurexloo.nl\/de\/wp-json\/wp\/v2\/media\/30186"}],"wp:attachment":[{"href":"https:\/\/puurexloo.nl\/de\/wp-json\/wp\/v2\/media?parent=30558"}],"wp:term":[{"taxonomy":"product_brand","embeddable":true,"href":"https:\/\/puurexloo.nl\/de\/wp-json\/wp\/v2\/product_brand?post=30558"},{"taxonomy":"product_cat","embeddable":true,"href":"https:\/\/puurexloo.nl\/de\/wp-json\/wp\/v2\/product_cat?post=30558"},{"taxonomy":"product_tag","embeddable":true,"href":"https:\/\/puurexloo.nl\/de\/wp-json\/wp\/v2\/product_tag?post=30558"}],"curies":[{"name":"wp","href":"https:\/\/api.w.org\/{rel}","templated":true}]}}