{"id":30594,"date":"2024-11-06T15:10:12","date_gmt":"2024-11-06T14:10:12","guid":{"rendered":"https:\/\/puurexloo.nl\/product\/bruuts-buffet\/"},"modified":"2024-11-06T15:10:12","modified_gmt":"2024-11-06T14:10:12","slug":"bruuts-buffet","status":"publish","type":"product","link":"https:\/\/puurexloo.nl\/de\/product\/bruuts-buffet\/","title":{"rendered":"Bruuts Buffet"},"content":{"rendered":"","protected":false},"excerpt":{"rendered":"<h3>BRUUT Buffet<\/h3>\n<p>Kalte Gerichte:<\/p>\n<ul>\n<li>Franz\u00f6sisches Brot mit Kr\u00e4uterbutter und frischem Kr\u00e4uterdip<\/li>\n<li>Carpaccio mit Pesto-Dressing, frischem Salat, Rucola, K\u00e4sescheiben und Saubohnen<\/li>\n<li>Drentse Salat aus unserer eigenen K\u00fcche<\/li>\n<li>Tortelini-Salat mit Pesto-Creme, roten Zwiebeln und Rucola.<\/li>\n<li>Platte mit ger\u00e4uchertem Lachs, roten Zwiebeln, frischem Salat und gekochtem Ei<\/li>\n<li>Frischer Rohkostsalat<\/li>\n<li>Frisch geschnittenes Obst der Saison<\/li>\n<\/ul>\n<p>Warme Gerichte:<\/p>\n<ul>\n<li>Lendensteak mit Stroganoff-Sauce<\/li>\n<li>Spare Ribs von Marc mit s\u00fc\u00dfem \u00dcberzug<\/li>\n<li>Lachs mit Krabben und Lauch, Knoblauch und Zwiebeln<\/li>\n<li>Aufgespie\u00dftes H\u00fchnerfilet mit Speck und Pesto-So\u00dfe<\/li>\n<\/ul>\n<p>Beilagen:<\/p>\n<ul>\n<li>Pellkartoffeln<\/li>\n<li>Bohnen mit Speck und Zwiebeln<\/li>\n<li>Cremige Babykartoffeln mit gr\u00fcnen Kr\u00e4utern<\/li>\n<\/ul>\n<p>&nbsp;<\/p>\n[quick_view id=\"4240\" text=\"Bestellen Sie ein gro\u00dfes Dessert\"]\n","protected":false},"featured_media":25801,"template":"","meta":[],"product_brand":[],"product_cat":[445,234,162],"product_tag":[],"class_list":{"0":"post-30594","1":"product","2":"type-product","3":"status-publish","4":"has-post-thumbnail","6":"product_cat-bruut-catering","7":"product_cat-diner-met-bezorgservice","8":"product_cat-foodsharing","10":"first","11":"instock","12":"sold-individually","13":"taxable","14":"shipping-taxable","15":"purchasable","16":"product-type-simple"},"wcpa_form_fields":null,"_links":{"self":[{"href":"https:\/\/puurexloo.nl\/de\/wp-json\/wp\/v2\/product\/30594","targetHints":{"allow":["GET"]}}],"collection":[{"href":"https:\/\/puurexloo.nl\/de\/wp-json\/wp\/v2\/product"}],"about":[{"href":"https:\/\/puurexloo.nl\/de\/wp-json\/wp\/v2\/types\/product"}],"wp:featuredmedia":[{"embeddable":true,"href":"https:\/\/puurexloo.nl\/de\/wp-json\/wp\/v2\/media\/25801"}],"wp:attachment":[{"href":"https:\/\/puurexloo.nl\/de\/wp-json\/wp\/v2\/media?parent=30594"}],"wp:term":[{"taxonomy":"product_brand","embeddable":true,"href":"https:\/\/puurexloo.nl\/de\/wp-json\/wp\/v2\/product_brand?post=30594"},{"taxonomy":"product_cat","embeddable":true,"href":"https:\/\/puurexloo.nl\/de\/wp-json\/wp\/v2\/product_cat?post=30594"},{"taxonomy":"product_tag","embeddable":true,"href":"https:\/\/puurexloo.nl\/de\/wp-json\/wp\/v2\/product_tag?post=30594"}],"curies":[{"name":"wp","href":"https:\/\/api.w.org\/{rel}","templated":true}]}}