{"id":30640,"date":"2024-11-06T15:12:29","date_gmt":"2024-11-06T14:12:29","guid":{"rendered":"https:\/\/puurexloo.nl\/product\/bereich-wonnegau-spaetlase-aus-deutschland\/"},"modified":"2024-11-06T15:12:29","modified_gmt":"2024-11-06T14:12:29","slug":"bereich-wonnegau-spaetlase-aus-deutschland","status":"publish","type":"product","link":"https:\/\/puurexloo.nl\/de\/product\/bereich-wonnegau-spaetlase-aus-deutschland\/","title":{"rendered":"Bereich Wonnegau &#8211; Sp\u00e4tlase aus Deutschland"},"content":{"rendered":"","protected":false},"excerpt":{"rendered":"<p>Diese Sp\u00e4tlese wurde, wie der Name schon sagt, sp\u00e4t geerntet, so dass sich mehr Zucker gebildet hat und der Wein im Vergleich zu anderen Weinen s\u00fc\u00dfer ist.<\/p>\n","protected":false},"featured_media":36918,"template":"","meta":[],"product_brand":[],"product_cat":[234,385,355],"product_tag":[],"class_list":{"0":"post-30640","1":"product","2":"type-product","3":"status-publish","4":"has-post-thumbnail","6":"product_cat-diner-met-bezorgservice","7":"product_cat-huiswijnen","8":"product_cat-menus","10":"first","11":"instock","12":"taxable","13":"shipping-taxable","14":"purchasable","15":"product-type-simple"},"wcpa_form_fields":null,"_links":{"self":[{"href":"https:\/\/puurexloo.nl\/de\/wp-json\/wp\/v2\/product\/30640","targetHints":{"allow":["GET"]}}],"collection":[{"href":"https:\/\/puurexloo.nl\/de\/wp-json\/wp\/v2\/product"}],"about":[{"href":"https:\/\/puurexloo.nl\/de\/wp-json\/wp\/v2\/types\/product"}],"wp:featuredmedia":[{"embeddable":true,"href":"https:\/\/puurexloo.nl\/de\/wp-json\/wp\/v2\/media\/36918"}],"wp:attachment":[{"href":"https:\/\/puurexloo.nl\/de\/wp-json\/wp\/v2\/media?parent=30640"}],"wp:term":[{"taxonomy":"product_brand","embeddable":true,"href":"https:\/\/puurexloo.nl\/de\/wp-json\/wp\/v2\/product_brand?post=30640"},{"taxonomy":"product_cat","embeddable":true,"href":"https:\/\/puurexloo.nl\/de\/wp-json\/wp\/v2\/product_cat?post=30640"},{"taxonomy":"product_tag","embeddable":true,"href":"https:\/\/puurexloo.nl\/de\/wp-json\/wp\/v2\/product_tag?post=30640"}],"curies":[{"name":"wp","href":"https:\/\/api.w.org\/{rel}","templated":true}]}}