{"id":30649,"date":"2024-11-06T15:12:29","date_gmt":"2024-11-06T14:12:29","guid":{"rendered":"https:\/\/puurexloo.nl\/product\/berri-estates-shiraz-aus-australien\/"},"modified":"2024-11-06T15:12:29","modified_gmt":"2024-11-06T14:12:29","slug":"berri-estates-shiraz-aus-australien","status":"publish","type":"product","link":"https:\/\/puurexloo.nl\/de\/product\/berri-estates-shiraz-aus-australien\/","title":{"rendered":"Berri Estates &#8211; Shiraz aus Australien"},"content":{"rendered":"","protected":false},"excerpt":{"rendered":"<p>Leuchtend violett in der Farbe. Der Wein hat einen K\u00f6rper aus saftigen schwarzen Fr\u00fcchten, darunter Brombeeren und Pflaumen. K\u00f6stliche W\u00fcrze mit einem Hauch von Pfeffer und einem leichten Hauch von Nelken. Seidig weicher Abgang.   <\/p>\n","protected":false},"featured_media":36918,"template":"","meta":[],"product_brand":[],"product_cat":[234,385,355],"product_tag":[],"class_list":{"0":"post-30649","1":"product","2":"type-product","3":"status-publish","4":"has-post-thumbnail","6":"product_cat-diner-met-bezorgservice","7":"product_cat-huiswijnen","8":"product_cat-menus","10":"first","11":"instock","12":"taxable","13":"shipping-taxable","14":"purchasable","15":"product-type-simple"},"wcpa_form_fields":null,"_links":{"self":[{"href":"https:\/\/puurexloo.nl\/de\/wp-json\/wp\/v2\/product\/30649","targetHints":{"allow":["GET"]}}],"collection":[{"href":"https:\/\/puurexloo.nl\/de\/wp-json\/wp\/v2\/product"}],"about":[{"href":"https:\/\/puurexloo.nl\/de\/wp-json\/wp\/v2\/types\/product"}],"wp:featuredmedia":[{"embeddable":true,"href":"https:\/\/puurexloo.nl\/de\/wp-json\/wp\/v2\/media\/36918"}],"wp:attachment":[{"href":"https:\/\/puurexloo.nl\/de\/wp-json\/wp\/v2\/media?parent=30649"}],"wp:term":[{"taxonomy":"product_brand","embeddable":true,"href":"https:\/\/puurexloo.nl\/de\/wp-json\/wp\/v2\/product_brand?post=30649"},{"taxonomy":"product_cat","embeddable":true,"href":"https:\/\/puurexloo.nl\/de\/wp-json\/wp\/v2\/product_cat?post=30649"},{"taxonomy":"product_tag","embeddable":true,"href":"https:\/\/puurexloo.nl\/de\/wp-json\/wp\/v2\/product_tag?post=30649"}],"curies":[{"name":"wp","href":"https:\/\/api.w.org\/{rel}","templated":true}]}}