{"id":30656,"date":"2024-11-06T15:12:30","date_gmt":"2024-11-06T14:12:30","guid":{"rendered":"https:\/\/puurexloo.nl\/product\/la-croisade-rose-suess-aus-frankreich\/"},"modified":"2024-11-06T15:12:30","modified_gmt":"2024-11-06T14:12:30","slug":"la-croisade-rose-suess-aus-frankreich","status":"publish","type":"product","link":"https:\/\/puurexloo.nl\/de\/product\/la-croisade-rose-suess-aus-frankreich\/","title":{"rendered":"La Croisade &#8211; Ros\u00e9 s\u00fc\u00df aus Frankreich"},"content":{"rendered":"","protected":false},"excerpt":{"rendered":"<p>Leckerer, fruchtiger Ros\u00e9, der mit Aromen von reifen Erdbeeren, Himbeeren und Kirschen in Sirup aufwartet. Angenehm trinkbar durch eine angenehme S\u00fc\u00dfe, voller Geschmack, aber mit gen\u00fcgend Frische im Abgang. <\/p>\n","protected":false},"featured_media":36918,"template":"","meta":[],"product_brand":[],"product_cat":[234,385,355],"product_tag":[],"class_list":{"0":"post-30656","1":"product","2":"type-product","3":"status-publish","4":"has-post-thumbnail","6":"product_cat-diner-met-bezorgservice","7":"product_cat-huiswijnen","8":"product_cat-menus","10":"first","11":"instock","12":"taxable","13":"shipping-taxable","14":"purchasable","15":"product-type-simple"},"wcpa_form_fields":null,"_links":{"self":[{"href":"https:\/\/puurexloo.nl\/de\/wp-json\/wp\/v2\/product\/30656","targetHints":{"allow":["GET"]}}],"collection":[{"href":"https:\/\/puurexloo.nl\/de\/wp-json\/wp\/v2\/product"}],"about":[{"href":"https:\/\/puurexloo.nl\/de\/wp-json\/wp\/v2\/types\/product"}],"wp:featuredmedia":[{"embeddable":true,"href":"https:\/\/puurexloo.nl\/de\/wp-json\/wp\/v2\/media\/36918"}],"wp:attachment":[{"href":"https:\/\/puurexloo.nl\/de\/wp-json\/wp\/v2\/media?parent=30656"}],"wp:term":[{"taxonomy":"product_brand","embeddable":true,"href":"https:\/\/puurexloo.nl\/de\/wp-json\/wp\/v2\/product_brand?post=30656"},{"taxonomy":"product_cat","embeddable":true,"href":"https:\/\/puurexloo.nl\/de\/wp-json\/wp\/v2\/product_cat?post=30656"},{"taxonomy":"product_tag","embeddable":true,"href":"https:\/\/puurexloo.nl\/de\/wp-json\/wp\/v2\/product_tag?post=30656"}],"curies":[{"name":"wp","href":"https:\/\/api.w.org\/{rel}","templated":true}]}}