{"id":30664,"date":"2024-11-06T15:12:31","date_gmt":"2024-11-06T14:12:31","guid":{"rendered":"https:\/\/puurexloo.nl\/product\/la-croisade-rose-trocken-aus-frankreich\/"},"modified":"2024-11-06T15:12:31","modified_gmt":"2024-11-06T14:12:31","slug":"la-croisade-rose-trocken-aus-frankreich","status":"publish","type":"product","link":"https:\/\/puurexloo.nl\/de\/product\/la-croisade-rose-trocken-aus-frankreich\/","title":{"rendered":"La Croisade &#8211; Ros\u00e9 trocken aus Frankreich"},"content":{"rendered":"","protected":false},"excerpt":{"rendered":"<p>Ein guter Ros\u00e9 sollte s\u00fc\u00df sein, und das ist er definitiv. So riecht und schmeckt dieser trockene, leicht frische, runde Wein nach Birne und reifen Erdbeeren. <\/p>\n","protected":false},"featured_media":36918,"template":"","meta":[],"product_brand":[],"product_cat":[234,385,355],"product_tag":[],"class_list":{"0":"post-30664","1":"product","2":"type-product","3":"status-publish","4":"has-post-thumbnail","6":"product_cat-diner-met-bezorgservice","7":"product_cat-huiswijnen","8":"product_cat-menus","10":"first","11":"instock","12":"taxable","13":"shipping-taxable","14":"purchasable","15":"product-type-simple"},"wcpa_form_fields":null,"_links":{"self":[{"href":"https:\/\/puurexloo.nl\/de\/wp-json\/wp\/v2\/product\/30664","targetHints":{"allow":["GET"]}}],"collection":[{"href":"https:\/\/puurexloo.nl\/de\/wp-json\/wp\/v2\/product"}],"about":[{"href":"https:\/\/puurexloo.nl\/de\/wp-json\/wp\/v2\/types\/product"}],"wp:featuredmedia":[{"embeddable":true,"href":"https:\/\/puurexloo.nl\/de\/wp-json\/wp\/v2\/media\/36918"}],"wp:attachment":[{"href":"https:\/\/puurexloo.nl\/de\/wp-json\/wp\/v2\/media?parent=30664"}],"wp:term":[{"taxonomy":"product_brand","embeddable":true,"href":"https:\/\/puurexloo.nl\/de\/wp-json\/wp\/v2\/product_brand?post=30664"},{"taxonomy":"product_cat","embeddable":true,"href":"https:\/\/puurexloo.nl\/de\/wp-json\/wp\/v2\/product_cat?post=30664"},{"taxonomy":"product_tag","embeddable":true,"href":"https:\/\/puurexloo.nl\/de\/wp-json\/wp\/v2\/product_tag?post=30664"}],"curies":[{"name":"wp","href":"https:\/\/api.w.org\/{rel}","templated":true}]}}